{"id":4268,"date":"2024-07-13T11:26:54","date_gmt":"2024-07-13T11:26:54","guid":{"rendered":"https:\/\/demo.awaikenthemes.com\/dentaire\/?page_id=4268"},"modified":"2025-09-29T21:08:52","modified_gmt":"2025-09-29T21:08:52","slug":"team","status":"publish","type":"page","link":"https:\/\/staging.clinicaprevilege.pt\/en\/team\/","title":{"rendered":"Equipa"},"content":{"rendered":"<div data-elementor-type=\"wp-page\" data-elementor-id=\"4268\" class=\"elementor elementor-4268\">\n\t\t\t\t<div class=\"elementor-element elementor-element-28e6f43 e-flex e-con-boxed e-con e-parent\" data-id=\"28e6f43\" data-element_type=\"container\" data-settings=\"{&quot;background_background&quot;:&quot;classic&quot;}\">\n\t\t\t\t\t<div class=\"e-con-inner\">\n\t\t<div class=\"elementor-element elementor-element-abd6a30 e-con-full e-flex e-con e-child\" data-id=\"abd6a30\" data-element_type=\"container\">\n\t\t\t\t<div class=\"elementor-element elementor-element-6083d7c at-heading-animation at-animation-heading-style-2 elementor-widget elementor-widget-heading\" data-id=\"6083d7c\" data-element_type=\"widget\" data-settings=\"{&quot;ekit_we_effect_on&quot;:&quot;none&quot;}\" data-widget_type=\"heading.default\">\n\t\t\t\t<div class=\"elementor-widget-container\">\n\t\t\t\t\t<h1 class=\"elementor-heading-title elementor-size-default\"> Our team<\/h1>\t\t\t\t<\/div>\n\t\t\t\t<\/div>\n\t\t\t\t<\/div>\n\t\t\t\t\t<\/div>\n\t\t\t\t<\/div>\n\t\t<div class=\"elementor-element elementor-element-0f007c3 e-flex e-con-boxed e-con e-parent\" data-id=\"0f007c3\" data-element_type=\"container\">\n\t\t\t\t\t<div class=\"e-con-inner\">\n\t\t<div class=\"elementor-element elementor-element-30a6fb9 e-con-full e-flex e-con e-child\" data-id=\"30a6fb9\" data-element_type=\"container\">\n\t\t<div class=\"elementor-element elementor-element-5a8a8d3 e-con-full team-member-item e-flex elementor-invisible e-con e-child\" data-id=\"5a8a8d3\" data-element_type=\"container\" data-settings=\"{&quot;animation&quot;:&quot;fadeInUp&quot;}\">\n\t\t<div class=\"elementor-element elementor-element-6cba960 e-con-full e-flex e-con e-child\" data-id=\"6cba960\" data-element_type=\"container\">\n\t\t\t\t<div class=\"elementor-element elementor-element-1f68fa5 team-image image-anime at-image-animation at-animation-image-none elementor-widget elementor-widget-image\" data-id=\"1f68fa5\" data-element_type=\"widget\" data-settings=\"{&quot;ekit_we_effect_on&quot;:&quot;none&quot;}\" data-widget_type=\"image.default\">\n\t\t\t\t<div class=\"elementor-widget-container\">\n\t\t\t\t\t\t\t\t\t\t\t\t\t\t\t\t<a href=\"https:\/\/staging.clinicaprevilege.pt\/en\/team\/dra-patricia-rubiana\/\">\n\t\t\t\t\t\t\t<img fetchpriority=\"high\" decoding=\"async\" width=\"304\" height=\"373\" src=\"https:\/\/staging.clinicaprevilege.pt\/wp-content\/uploads\/2025\/07\/468751782_18249647473286825_7379675455722795338_n-removebg-preview-1-e1753309251400.png\" class=\"attachment-full size-full wp-image-8063\" alt=\"\" srcset=\"https:\/\/staging.clinicaprevilege.pt\/wp-content\/uploads\/2025\/07\/468751782_18249647473286825_7379675455722795338_n-removebg-preview-1-e1753309251400.png 304w, https:\/\/staging.clinicaprevilege.pt\/wp-content\/uploads\/2025\/07\/468751782_18249647473286825_7379675455722795338_n-removebg-preview-1-e1753309251400-245x300.png 245w\" sizes=\"(max-width: 304px) 100vw, 304px\" \/>\t\t\t\t\t\t\t\t<\/a>\n\t\t\t\t\t\t\t\t\t\t\t\t\t\t\t<\/div>\n\t\t\t\t<\/div>\n\t\t\t\t<div class=\"elementor-element elementor-element-c64c496 v3-team-social-icon elementor-widget__width-inherit elementor-absolute elementor-widget elementor-widget-elementskit-social-media\" data-id=\"c64c496\" data-element_type=\"widget\" data-settings=\"{&quot;_position&quot;:&quot;absolute&quot;,&quot;ekit_we_effect_on&quot;:&quot;none&quot;}\" data-widget_type=\"elementskit-social-media.default\">\n\t\t\t\t<div class=\"elementor-widget-container\">\n\t\t\t\t\t<div class=\"ekit-wid-con\" >\t\t\t <ul class=\"ekit_social_media\">\n\t\t\t\t\t\t\t\t\t\t\t\t\t\t<li class=\"elementor-repeater-item-df73cf2\">\n\t\t\t\t\t    <a\n\t\t\t\t\t\thref=\"https:\/\/www.facebook.com\/previlegeclinicadentaria?locale=pt_PT\" aria-label=\"Facebook\" class=\"facebook\" >\n\t\t\t\t\t\t\t\n\t\t\t\t\t\t\t<i aria-hidden=\"true\" class=\"icon icon-facebook\"><\/i>\n                                                                                                            <\/a>\n                    <\/li>\n                    \t\t\t\t\t\t\t\t\t\t\t\t\t\t<li class=\"elementor-repeater-item-cb739df\">\n\t\t\t\t\t    <a\n\t\t\t\t\t\thref=\"https:\/\/www.instagram.com\/previlegeclinica\/\" aria-label=\"instagram\" class=\"instagram\" >\n\t\t\t\t\t\t\t\n\t\t\t\t\t\t\t<i aria-hidden=\"true\" class=\"fab fa-instagram\"><\/i>\n                                                                                                            <\/a>\n                    <\/li>\n                    \t\t\t\t\t\t\t<\/ul>\n\t\t<\/div>\t\t\t\t<\/div>\n\t\t\t\t<\/div>\n\t\t\t\t<\/div>\n\t\t<div class=\"elementor-element elementor-element-f99d383 e-con-full e-flex e-con e-child\" data-id=\"f99d383\" data-element_type=\"container\">\n\t\t\t\t<div class=\"elementor-element elementor-element-e45a561 elementor-widget elementor-widget-image-box\" data-id=\"e45a561\" data-element_type=\"widget\" data-settings=\"{&quot;ekit_we_effect_on&quot;:&quot;none&quot;}\" data-widget_type=\"image-box.default\">\n\t\t\t\t<div class=\"elementor-widget-container\">\n\t\t\t\t\t<div class=\"elementor-image-box-wrapper\"><div class=\"elementor-image-box-content\"><h3 class=\"elementor-image-box-title\"><a href=\"https:\/\/staging.clinicaprevilege.pt\/en\/team\/dra-patricia-rubiana\/\">Dra. Patr\u00edcia Rubiana<\/a><\/h3><p class=\"elementor-image-box-description\">Dentist<\/p><\/div><\/div>\t\t\t\t<\/div>\n\t\t\t\t<\/div>\n\t\t\t\t<div class=\"elementor-element elementor-element-8b570f2 elementor-align-center elementor-widget elementor-widget-button\" data-id=\"8b570f2\" data-element_type=\"widget\" data-settings=\"{&quot;ekit_we_effect_on&quot;:&quot;none&quot;}\" data-widget_type=\"button.default\">\n\t\t\t\t<div class=\"elementor-widget-container\">\n\t\t\t\t\t\t\t\t\t<div class=\"elementor-button-wrapper\">\n\t\t\t\t\t<a class=\"elementor-button elementor-button-link elementor-size-sm\" href=\"https:\/\/staging.clinicaprevilege.pt\/en\/team\/dra-patricia-rubiana\/\">\n\t\t\t\t\t\t<span class=\"elementor-button-content-wrapper\">\n\t\t\t\t\t\t<span class=\"elementor-button-icon\">\n\t\t\t\t<svg xmlns=\"http:\/\/www.w3.org\/2000\/svg\" width=\"30\" height=\"30\" viewbox=\"0 0 30 30\" fill=\"none\"><rect width=\"30\" height=\"30\" rx=\"15\" fill=\"white\"><\/rect><path fill-rule=\"evenodd\" clip-rule=\"evenodd\" d=\"M11.5315 11.5318V12.2303H14.1551H16.7787L13.8059 15.2032L10.8332 18.1761L11.3286 18.6715L11.824 19.1669L14.7969 16.1942L17.7698 13.2214V15.845V18.4686H18.4683H19.1669V14.6509V10.8332H15.3492H11.5315V11.5318Z\" fill=\"#1E84B5\"><\/path><\/svg>\t\t\t<\/span>\n\t\t\t\t\t\t\t\t\t<span class=\"elementor-button-text\">Learn More<\/span>\n\t\t\t\t\t<\/span>\n\t\t\t\t\t<\/a>\n\t\t\t\t<\/div>\n\t\t\t\t\t\t\t\t<\/div>\n\t\t\t\t<\/div>\n\t\t\t\t<\/div>\n\t\t\t\t<\/div>\n\t\t<div class=\"elementor-element elementor-element-3a3478d e-con-full team-member-item e-flex elementor-invisible e-con e-child\" data-id=\"3a3478d\" data-element_type=\"container\" data-settings=\"{&quot;animation&quot;:&quot;fadeInUp&quot;,&quot;animation_delay&quot;:100}\">\n\t\t<div class=\"elementor-element elementor-element-1c70cb6 e-con-full e-flex e-con e-child\" data-id=\"1c70cb6\" data-element_type=\"container\">\n\t\t\t\t<div class=\"elementor-element elementor-element-f14561a team-image image-anime at-image-animation at-animation-image-none elementor-widget elementor-widget-image\" data-id=\"f14561a\" data-element_type=\"widget\" data-settings=\"{&quot;ekit_we_effect_on&quot;:&quot;none&quot;}\" data-widget_type=\"image.default\">\n\t\t\t\t<div class=\"elementor-widget-container\">\n\t\t\t\t\t\t\t\t\t\t\t\t\t\t\t\t<a href=\"https:\/\/staging.clinicaprevilege.pt\/en\/team\/dr-pedro-peres\/\">\n\t\t\t\t\t\t\t<img decoding=\"async\" width=\"514\" height=\"486\" src=\"https:\/\/staging.clinicaprevilege.pt\/wp-content\/uploads\/2025\/09\/drpedroperes-removebg-preview.png\" class=\"attachment-full size-full wp-image-8312\" alt=\"\" srcset=\"https:\/\/staging.clinicaprevilege.pt\/wp-content\/uploads\/2025\/09\/drpedroperes-removebg-preview.png 514w, https:\/\/staging.clinicaprevilege.pt\/wp-content\/uploads\/2025\/09\/drpedroperes-removebg-preview-300x284.png 300w\" sizes=\"(max-width: 514px) 100vw, 514px\" \/>\t\t\t\t\t\t\t\t<\/a>\n\t\t\t\t\t\t\t\t\t\t\t\t\t\t\t<\/div>\n\t\t\t\t<\/div>\n\t\t\t\t<div class=\"elementor-element elementor-element-c5a5d85 v3-team-social-icon elementor-widget__width-inherit elementor-absolute elementor-widget elementor-widget-elementskit-social-media\" data-id=\"c5a5d85\" data-element_type=\"widget\" data-settings=\"{&quot;_position&quot;:&quot;absolute&quot;,&quot;ekit_we_effect_on&quot;:&quot;none&quot;}\" data-widget_type=\"elementskit-social-media.default\">\n\t\t\t\t<div class=\"elementor-widget-container\">\n\t\t\t\t\t<div class=\"ekit-wid-con\" >\t\t\t <ul class=\"ekit_social_media\">\n\t\t\t\t\t\t\t\t\t\t\t\t\t\t<li class=\"elementor-repeater-item-df73cf2\">\n\t\t\t\t\t    <a\n\t\t\t\t\t\thref=\"https:\/\/www.facebook.com\/previlegeclinicadentaria?locale=pt_PT\" aria-label=\"Facebook\" class=\"facebook\" >\n\t\t\t\t\t\t\t\n\t\t\t\t\t\t\t<i aria-hidden=\"true\" class=\"icon icon-facebook\"><\/i>\n                                                                                                            <\/a>\n                    <\/li>\n                    \t\t\t\t\t\t\t\t\t\t\t\t\t\t<li class=\"elementor-repeater-item-cb739df\">\n\t\t\t\t\t    <a\n\t\t\t\t\t\thref=\"https:\/\/www.instagram.com\/previlegeclinica\/\" aria-label=\"instagram\" class=\"instagram\" >\n\t\t\t\t\t\t\t\n\t\t\t\t\t\t\t<i aria-hidden=\"true\" class=\"fab fa-instagram\"><\/i>\n                                                                                                            <\/a>\n                    <\/li>\n                    \t\t\t\t\t\t\t<\/ul>\n\t\t<\/div>\t\t\t\t<\/div>\n\t\t\t\t<\/div>\n\t\t\t\t<\/div>\n\t\t<div class=\"elementor-element elementor-element-6496925 e-con-full e-flex e-con e-child\" data-id=\"6496925\" data-element_type=\"container\">\n\t\t\t\t<div class=\"elementor-element elementor-element-973e844 elementor-widget elementor-widget-image-box\" data-id=\"973e844\" data-element_type=\"widget\" data-settings=\"{&quot;ekit_we_effect_on&quot;:&quot;none&quot;}\" data-widget_type=\"image-box.default\">\n\t\t\t\t<div class=\"elementor-widget-container\">\n\t\t\t\t\t<div class=\"elementor-image-box-wrapper\"><div class=\"elementor-image-box-content\"><h3 class=\"elementor-image-box-title\"><a href=\"https:\/\/staging.clinicaprevilege.pt\/en\/team\/dr-pedro-peres\/\">Dr. pedro Peres<\/a><\/h3><p class=\"elementor-image-box-description\">Dentist<\/p><\/div><\/div>\t\t\t\t<\/div>\n\t\t\t\t<\/div>\n\t\t\t\t<div class=\"elementor-element elementor-element-345f838 elementor-align-center elementor-widget elementor-widget-button\" data-id=\"345f838\" data-element_type=\"widget\" data-settings=\"{&quot;ekit_we_effect_on&quot;:&quot;none&quot;}\" data-widget_type=\"button.default\">\n\t\t\t\t<div class=\"elementor-widget-container\">\n\t\t\t\t\t\t\t\t\t<div class=\"elementor-button-wrapper\">\n\t\t\t\t\t<a class=\"elementor-button elementor-button-link elementor-size-sm\" href=\"https:\/\/staging.clinicaprevilege.pt\/en\/team\/dr-pedro-peres\/\">\n\t\t\t\t\t\t<span class=\"elementor-button-content-wrapper\">\n\t\t\t\t\t\t<span class=\"elementor-button-icon\">\n\t\t\t\t<svg xmlns=\"http:\/\/www.w3.org\/2000\/svg\" width=\"30\" height=\"30\" viewbox=\"0 0 30 30\" fill=\"none\"><rect width=\"30\" height=\"30\" rx=\"15\" fill=\"white\"><\/rect><path fill-rule=\"evenodd\" clip-rule=\"evenodd\" d=\"M11.5315 11.5318V12.2303H14.1551H16.7787L13.8059 15.2032L10.8332 18.1761L11.3286 18.6715L11.824 19.1669L14.7969 16.1942L17.7698 13.2214V15.845V18.4686H18.4683H19.1669V14.6509V10.8332H15.3492H11.5315V11.5318Z\" fill=\"#1E84B5\"><\/path><\/svg>\t\t\t<\/span>\n\t\t\t\t\t\t\t\t\t<span class=\"elementor-button-text\">Learn More<\/span>\n\t\t\t\t\t<\/span>\n\t\t\t\t\t<\/a>\n\t\t\t\t<\/div>\n\t\t\t\t\t\t\t\t<\/div>\n\t\t\t\t<\/div>\n\t\t\t\t<\/div>\n\t\t\t\t<\/div>\n\t\t\t\t<\/div>\n\t\t\t\t\t<\/div>\n\t\t\t\t<\/div>\n\t\t\t\t<\/div>","protected":false},"excerpt":{"rendered":"<p>A nossa equipa Dra. Patr\u00edcia Rubiana M\u00e9dica Dentista Saber Mais Dr. pedro Peres M\u00e9dico Dentista [&hellip;]<\/p>","protected":false},"author":1,"featured_media":0,"parent":0,"menu_order":0,"comment_status":"closed","ping_status":"closed","template":"elementor_header_footer","meta":{"_themeisle_gutenberg_block_has_review":false,"footnotes":""},"class_list":["post-4268","page","type-page","status-publish","hentry"],"_links":{"self":[{"href":"https:\/\/staging.clinicaprevilege.pt\/en\/wp-json\/wp\/v2\/pages\/4268","targetHints":{"allow":["GET"]}}],"collection":[{"href":"https:\/\/staging.clinicaprevilege.pt\/en\/wp-json\/wp\/v2\/pages"}],"about":[{"href":"https:\/\/staging.clinicaprevilege.pt\/en\/wp-json\/wp\/v2\/types\/page"}],"author":[{"embeddable":true,"href":"https:\/\/staging.clinicaprevilege.pt\/en\/wp-json\/wp\/v2\/users\/1"}],"replies":[{"embeddable":true,"href":"https:\/\/staging.clinicaprevilege.pt\/en\/wp-json\/wp\/v2\/comments?post=4268"}],"version-history":[{"count":35,"href":"https:\/\/staging.clinicaprevilege.pt\/en\/wp-json\/wp\/v2\/pages\/4268\/revisions"}],"predecessor-version":[{"id":8393,"href":"https:\/\/staging.clinicaprevilege.pt\/en\/wp-json\/wp\/v2\/pages\/4268\/revisions\/8393"}],"wp:attachment":[{"href":"https:\/\/staging.clinicaprevilege.pt\/en\/wp-json\/wp\/v2\/media?parent=4268"}],"curies":[{"name":"wp","href":"https:\/\/api.w.org\/{rel}","templated":true}]}}