{"id":6620,"date":"2025-07-23T23:38:41","date_gmt":"2025-07-23T23:38:41","guid":{"rendered":"https:\/\/demo.awaikenthemes.com\/dentaire\/?page_id=6620"},"modified":"2025-10-23T19:34:10","modified_gmt":"2025-10-23T19:34:10","slug":"dr-pedro-peres","status":"publish","type":"page","link":"https:\/\/staging.clinicaprevilege.pt\/en\/team\/dr-pedro-peres\/","title":{"rendered":"Dr. Pedro Peres"},"content":{"rendered":"<div data-elementor-type=\"wp-page\" data-elementor-id=\"6620\" class=\"elementor elementor-6620\">\n\t\t\t\t<div class=\"elementor-element elementor-element-345b36e e-flex e-con-boxed e-con e-parent\" data-id=\"345b36e\" data-element_type=\"container\" data-settings=\"{&quot;background_background&quot;:&quot;classic&quot;}\">\n\t\t\t\t\t<div class=\"e-con-inner\">\n\t\t<div class=\"elementor-element elementor-element-1b9de9e e-con-full e-flex e-con e-child\" data-id=\"1b9de9e\" data-element_type=\"container\">\n\t\t\t\t<div class=\"elementor-element elementor-element-6c3e5a8 at-heading-animation at-animation-heading-style-2 elementor-widget elementor-widget-heading\" data-id=\"6c3e5a8\" data-element_type=\"widget\" data-settings=\"{&quot;ekit_we_effect_on&quot;:&quot;none&quot;}\" data-widget_type=\"heading.default\">\n\t\t\t\t<div class=\"elementor-widget-container\">\n\t\t\t\t\t<h1 class=\"elementor-heading-title elementor-size-default\">Dr. Pedro Peres<\/h1>\t\t\t\t<\/div>\n\t\t\t\t<\/div>\n\t\t\t\t<\/div>\n\t\t\t\t\t<\/div>\n\t\t\t\t<\/div>\n\t\t<div class=\"elementor-element elementor-element-40e6618 e-flex e-con-boxed e-con e-parent\" data-id=\"40e6618\" data-element_type=\"container\">\n\t\t\t\t\t<div class=\"e-con-inner\">\n\t\t<div class=\"elementor-element elementor-element-29df123 e-con-full image-anime e-flex e-con e-child\" data-id=\"29df123\" data-element_type=\"container\">\n\t\t\t\t<div class=\"elementor-element elementor-element-30f662b team-member-image at-image-animation at-animation-image-none elementor-widget elementor-widget-image\" data-id=\"30f662b\" data-element_type=\"widget\" data-settings=\"{&quot;ekit_we_effect_on&quot;:&quot;none&quot;}\" data-widget_type=\"image.default\">\n\t\t\t\t<div class=\"elementor-widget-container\">\n\t\t\t\t\t\t\t\t\t\t\t\t\t\t\t<img fetchpriority=\"high\" decoding=\"async\" width=\"514\" height=\"486\" src=\"https:\/\/staging.clinicaprevilege.pt\/wp-content\/uploads\/2025\/09\/drpedroperes-removebg-preview.png\" class=\"attachment-full size-full wp-image-8312\" alt=\"\" srcset=\"https:\/\/staging.clinicaprevilege.pt\/wp-content\/uploads\/2025\/09\/drpedroperes-removebg-preview.png 514w, https:\/\/staging.clinicaprevilege.pt\/wp-content\/uploads\/2025\/09\/drpedroperes-removebg-preview-300x284.png 300w\" sizes=\"(max-width: 514px) 100vw, 514px\" \/>\t\t\t\t\t\t\t\t\t\t\t\t\t\t\t<\/div>\n\t\t\t\t<\/div>\n\t\t\t\t<\/div>\n\t\t<div class=\"elementor-element elementor-element-2fe1ba6 e-con-full e-flex e-con e-child\" data-id=\"2fe1ba6\" data-element_type=\"container\" data-settings=\"{&quot;background_background&quot;:&quot;classic&quot;}\">\n\t\t\t\t<div class=\"elementor-element elementor-element-270bd47 elementor-invisible elementor-widget elementor-widget-icon-box\" data-id=\"270bd47\" data-element_type=\"widget\" data-settings=\"{&quot;_animation&quot;:&quot;fadeInUp&quot;,&quot;ekit_we_effect_on&quot;:&quot;none&quot;}\" data-widget_type=\"icon-box.default\">\n\t\t\t\t<div class=\"elementor-widget-container\">\n\t\t\t\t\t\t\t<div class=\"elementor-icon-box-wrapper\">\n\n\t\t\t\n\t\t\t\t\t\t<div class=\"elementor-icon-box-content\">\n\n\t\t\t\t\t\t\t\t\t<h3 class=\"elementor-icon-box-title\">\n\t\t\t\t\t\t<span  >\n\t\t\t\t\t\t\tDr. Pedro Peres\t\t\t\t\t\t<\/span>\n\t\t\t\t\t<\/h3>\n\t\t\t\t\n\t\t\t\t\t\t\t\t\t<p class=\"elementor-icon-box-description\">\n\t\t\t\t\t\tDentist\t\t\t\t\t<\/p>\n\t\t\t\t\n\t\t\t<\/div>\n\t\t\t\n\t\t<\/div>\n\t\t\t\t\t\t<\/div>\n\t\t\t\t<\/div>\n\t\t\t\t<div class=\"elementor-element elementor-element-f91a8de elementor-invisible elementor-widget elementor-widget-text-editor\" data-id=\"f91a8de\" data-element_type=\"widget\" data-settings=\"{&quot;_animation&quot;:&quot;fadeInUp&quot;,&quot;_animation_delay&quot;:100,&quot;ekit_we_effect_on&quot;:&quot;none&quot;}\" data-widget_type=\"text-editor.default\">\n\t\t\t\t<div class=\"elementor-widget-container\">\n\t\t\t\t\t\t\t\t\t<p>Dentist specializing in fixed rehabilitation with implants and crowns over natural teeth. After extensive training, he utilizes new digital planning technologies, including guided surgery and intraoral scanners, allowing for better predictability and shorter surgery times for the patient. He has participated in several national and international volunteer activities in the healthcare field.<\/p><div>He applies the philosophy of being conservative because he always tries to save natural teeth by avoiding complex surgeries.<\/div><div>He regularly travels to international trade fairs to stay up to date on new materials and techniques in the dental field.<\/div>\t\t\t\t\t\t\t\t<\/div>\n\t\t\t\t<\/div>\n\t\t\t\t<div class=\"elementor-element elementor-element-ee7a351 elementor-shape-square e-grid-align-left elementor-grid-0 elementor-invisible elementor-widget elementor-widget-social-icons\" data-id=\"ee7a351\" data-element_type=\"widget\" data-settings=\"{&quot;_animation&quot;:&quot;fadeInUp&quot;,&quot;_animation_delay&quot;:300,&quot;ekit_we_effect_on&quot;:&quot;none&quot;}\" data-widget_type=\"social-icons.default\">\n\t\t\t\t<div class=\"elementor-widget-container\">\n\t\t\t\t\t\t\t<div class=\"elementor-social-icons-wrapper elementor-grid\" role=\"list\">\n\t\t\t\t\t\t\t<span class=\"elementor-grid-item\" role=\"listitem\">\n\t\t\t\t\t<a class=\"elementor-icon elementor-social-icon elementor-social-icon-facebook-f elementor-repeater-item-6506415\" href=\"https:\/\/www.facebook.com\/previlegeclinicadentaria\/?locale=pt_PT\" target=\"_blank\">\n\t\t\t\t\t\t<span class=\"elementor-screen-only\">Facebook-f<\/span>\n\t\t\t\t\t\t<i aria-hidden=\"true\" class=\"fab fa-facebook-f\"><\/i>\t\t\t\t\t<\/a>\n\t\t\t\t<\/span>\n\t\t\t\t\t\t\t<span class=\"elementor-grid-item\" role=\"listitem\">\n\t\t\t\t\t<a class=\"elementor-icon elementor-social-icon elementor-social-icon-instagram elementor-repeater-item-7e86bfe\" href=\"https:\/\/www.instagram.com\/previlegeclinica\/\" target=\"_blank\">\n\t\t\t\t\t\t<span class=\"elementor-screen-only\">Instagram<\/span>\n\t\t\t\t\t\t<i aria-hidden=\"true\" class=\"fab fa-instagram\"><\/i>\t\t\t\t\t<\/a>\n\t\t\t\t<\/span>\n\t\t\t\t\t<\/div>\n\t\t\t\t\t\t<\/div>\n\t\t\t\t<\/div>\n\t\t\t\t<\/div>\n\t\t\t\t\t<\/div>\n\t\t\t\t<\/div>\n\t\t<div class=\"elementor-element elementor-element-de4bdb0 e-flex e-con-boxed e-con e-parent\" data-id=\"de4bdb0\" data-element_type=\"container\">\n\t\t\t\t\t<div class=\"e-con-inner\">\n\t\t<div class=\"elementor-element elementor-element-e74c1c2 e-con-full e-flex e-con e-child\" data-id=\"e74c1c2\" data-element_type=\"container\">\n\t\t<div class=\"elementor-element elementor-element-96f6b35 e-con-full e-flex e-con e-child\" data-id=\"96f6b35\" data-element_type=\"container\">\n\t\t<div class=\"elementor-element elementor-element-cb8b8d5 e-con-full e-flex e-con e-child\" data-id=\"cb8b8d5\" data-element_type=\"container\">\n\t\t\t\t<div class=\"elementor-element elementor-element-a9518d2 at-heading-animation at-animation-heading-none elementor-invisible elementor-widget elementor-widget-heading\" data-id=\"a9518d2\" data-element_type=\"widget\" data-settings=\"{&quot;_animation&quot;:&quot;fadeInUp&quot;,&quot;ekit_we_effect_on&quot;:&quot;none&quot;}\" data-widget_type=\"heading.default\">\n\t\t\t\t<div class=\"elementor-widget-container\">\n\t\t\t\t\t<h2 class=\"elementor-heading-title elementor-size-default\">Certifications<\/h2>\t\t\t\t<\/div>\n\t\t\t\t<\/div>\n\t\t\t\t<div class=\"elementor-element elementor-element-ae25e99 elementor-invisible elementor-widget elementor-widget-text-editor\" data-id=\"ae25e99\" data-element_type=\"widget\" data-settings=\"{&quot;_animation&quot;:&quot;fadeInUp&quot;,&quot;_animation_delay&quot;:100,&quot;ekit_we_effect_on&quot;:&quot;none&quot;}\" data-widget_type=\"text-editor.default\">\n\t\t\t\t<div class=\"elementor-widget-container\">\n\t\t\t\t\t\t\t\t\t<p>UL School of Dentistry and several postgraduate courses in the areas of surgery, fixed rehabilitation, orthodontics, implantology and fixed dental rehabilitation and digital guided surgery.<\/p>\t\t\t\t\t\t\t\t<\/div>\n\t\t\t\t<\/div>\n\t\t\t\t<\/div>\n\t\t<div class=\"elementor-element elementor-element-2380234 e-con-full e-flex elementor-invisible e-con e-child\" data-id=\"2380234\" data-element_type=\"container\" data-settings=\"{&quot;animation&quot;:&quot;fadeInUp&quot;,&quot;animation_delay&quot;:100}\">\n\t\t<div class=\"elementor-element elementor-element-c447967 e-con-full team-sidebar-cta e-flex e-con e-child\" data-id=\"c447967\" data-element_type=\"container\">\n\t\t\t\t<div class=\"elementor-element elementor-element-f8a2bc3 cta-info-content ekit-equal-height-disable elementor-widget elementor-widget-elementskit-icon-box\" data-id=\"f8a2bc3\" data-element_type=\"widget\" data-settings=\"{&quot;ekit_we_effect_on&quot;:&quot;none&quot;}\" data-widget_type=\"elementskit-icon-box.default\">\n\t\t\t\t<div class=\"elementor-widget-container\">\n\t\t\t\t\t<div class=\"ekit-wid-con\" >        <!-- link opening -->\n                <a href=\"#\" class=\"ekit_global_links\">\n                <!-- end link opening -->\n\n        <div class=\"elementskit-infobox text-left text-left icon-top-align elementor-animation-\">\n                    <div class=\"elementskit-box-header elementor-animation-\">\n                <div class=\"elementskit-info-box-icon\">\n                    <svg xmlns=\"http:\/\/www.w3.org\/2000\/svg\" width=\"64\" height=\"64\" viewbox=\"0 0 64 64\" fill=\"none\"><g clip-path=\"url(#clip0_143_2550)\"><path fill-rule=\"evenodd\" clip-rule=\"evenodd\" d=\"M21.562 0.145426C13.4889 1.05755 6.1399 6.27905 2.50227 13.6873C-0.902229 20.6209 -0.831729 28.8018 2.69127 35.5993L3.3584 36.8864L1.73265 42.7677C0.838646 46.0024 0.133646 48.6757 0.166146 48.7082C0.198646 48.7407 2.8719 48.0357 6.10665 47.1417L11.9879 45.5159L13.275 46.1831C16.0264 47.6091 19.2059 48.5205 22.462 48.8171L23.362 48.8989L23.6981 49.9181C25.6905 55.9604 30.6394 60.8871 36.768 62.9294C39.178 63.7326 40.3833 63.9203 43.187 63.9293C45.1155 63.9354 45.9728 63.8843 46.937 63.7056C48.6945 63.3798 50.9725 62.6175 52.5461 61.8288L53.8871 61.1566L58.8298 62.5251C61.5483 63.2778 63.7996 63.8664 63.8329 63.8332C63.8661 63.7999 63.2775 61.5485 62.5248 58.8301L61.1563 53.8874L61.8285 52.5464C62.6173 50.9728 63.3795 48.6948 63.7053 46.9373C63.884 45.9731 63.9351 45.1158 63.929 43.1873C63.92 40.3836 63.7323 39.1783 62.9291 36.7683C60.8868 30.6397 55.9601 25.6908 49.9178 23.6984L48.8986 23.3623L48.8164 22.4623C47.8323 11.6868 40.1635 2.89218 29.7349 0.579176C27.2008 0.0171762 24.1368 -0.145449 21.562 0.145426ZM22.2495 3.88843C15.2369 4.68268 9.08915 8.97368 5.91827 15.2872C4.31252 18.4843 3.52377 22.5997 3.85102 26.0724C3.93152 26.9263 4.0859 28.0608 4.19415 28.5936C4.63965 30.7868 5.78165 33.6233 6.96127 35.4664C7.21502 35.8629 7.4154 36.2717 7.40665 36.3748C7.39777 36.4779 6.96852 38.0798 6.45277 39.9346C5.93702 41.7893 5.52677 43.3187 5.54115 43.3332C5.55565 43.3475 7.08502 42.9373 8.93977 42.4216C10.7945 41.9058 12.3964 41.4766 12.4995 41.4677C12.6026 41.4589 13.0114 41.6593 13.4079 41.9131C14.4808 42.5997 16.1678 43.4194 17.437 43.8709C23.5388 46.0414 30.2515 45.2696 35.6245 41.7798C42.007 37.6344 45.6975 30.1866 45.0196 22.8192C44.834 20.8012 44.6015 19.6688 44.0016 17.8617C42.31 12.7647 38.4851 8.37843 33.5871 5.91855C30.2231 4.22905 25.9685 3.46718 22.2495 3.88843ZM22.3745 11.5413C19.4044 12.4226 17.3145 14.9438 16.9433 18.0936L16.8659 18.7498H18.8078H20.7495V18.3971C20.7495 17.2884 21.7516 15.8769 22.9021 15.3652C24.3645 14.7147 26.1163 15.0853 27.1819 16.2706C27.8899 17.0579 28.1669 17.8743 28.104 18.9878C28.0249 20.3867 27.7568 20.7562 24.9655 23.3123L22.5085 25.5623L22.504 27.8436L22.4995 30.1248H24.437H26.3745V28.6418V27.1587L28.1736 25.5206C30.4936 23.4081 31.1644 22.4869 31.6974 20.6819C31.9918 19.6848 31.9916 17.8162 31.6971 16.8123C30.5015 12.7374 26.3173 10.3716 22.3745 11.5413ZM48.685 27.7288C48.6454 27.9809 48.4719 28.8517 48.2994 29.6637C46.5328 37.9808 40.2881 44.9196 32.1306 47.6298C30.9079 48.0361 30.0933 48.2311 27.6436 48.7041C27.2678 48.7766 27.3233 49.0273 28.0604 50.5886C30.3435 55.4242 34.8703 58.8803 40.3278 59.9542C41.9696 60.2773 44.9213 60.2517 46.562 59.9002C48.7644 59.4283 50.6494 58.6841 52.328 57.6241C52.7626 57.3494 53.2183 57.1252 53.3401 57.1257C53.4621 57.1262 54.6581 57.4315 55.9978 57.8046C57.3374 58.1774 58.4446 58.4713 58.4584 58.4576C58.4721 58.4438 58.1785 57.3368 57.806 55.9974C57.4334 54.6582 57.1276 53.4612 57.1265 53.3376C57.1254 53.2139 57.3206 52.8062 57.5604 52.4314C58.6264 50.7651 59.4323 48.7483 59.8961 46.5858C60.1138 45.5718 60.1689 44.9048 60.1668 43.3123C60.1638 41.0681 59.9249 39.6212 59.2344 37.6638C57.6269 33.1073 54.0964 29.4399 49.5318 27.5852L48.757 27.2703L48.685 27.7288ZM22.4995 35.7498V37.6248H24.437H26.3745V35.7498V33.8748H24.437H22.4995V35.7498Z\" fill=\"white\"><\/path><\/g><defs><clippath id=\"clip0_143_2550\"><rect width=\"64\" height=\"64\" fill=\"white\"><\/rect><\/clippath><\/defs><\/svg>\n                <\/div>\n          <\/div>\n                        <div class=\"box-body\">\n                            <h3 class=\"elementskit-info-box-title\">\n                    Ready to smile again without fear?                <\/h3>\n                        \t\t  \t<p>Schedule your initial consultation today and start on the path to a healthier, pain-free smile. Contact us now!<\/p>\n                                <\/div>\n        \n        \n                <\/div>\n                <\/a>\n        <\/div>\t\t\t\t<\/div>\n\t\t\t\t<\/div>\n\t\t\t\t<div class=\"elementor-element elementor-element-7be3e88 elementor-align-left elementor-tablet-align-left elementor-widget elementor-widget-button\" data-id=\"7be3e88\" data-element_type=\"widget\" data-settings=\"{&quot;ekit_we_effect_on&quot;:&quot;none&quot;}\" data-widget_type=\"button.default\">\n\t\t\t\t<div class=\"elementor-widget-container\">\n\t\t\t\t\t\t\t\t\t<div class=\"elementor-button-wrapper\">\n\t\t\t\t\t<a class=\"elementor-button elementor-button-link elementor-size-sm\" href=\"https:\/\/staging.clinicaprevilege.pt\/en\/contact-us\/\" target=\"_blank\">\n\t\t\t\t\t\t<span class=\"elementor-button-content-wrapper\">\n\t\t\t\t\t\t<span class=\"elementor-button-icon\">\n\t\t\t\t<svg xmlns=\"http:\/\/www.w3.org\/2000\/svg\" width=\"30\" height=\"30\" viewbox=\"0 0 30 30\" fill=\"none\"><rect width=\"30\" height=\"30\" rx=\"15\" fill=\"white\"><\/rect><path fill-rule=\"evenodd\" clip-rule=\"evenodd\" d=\"M11.5315 11.5318V12.2303H14.1551H16.7787L13.8059 15.2032L10.8332 18.1761L11.3286 18.6715L11.824 19.1669L14.7969 16.1942L17.7698 13.2214V15.845V18.4686H18.4683H19.1669V14.6509V10.8332H15.3492H11.5315V11.5318Z\" fill=\"#1E84B5\"><\/path><\/svg>\t\t\t<\/span>\n\t\t\t\t\t\t\t\t\t<span class=\"elementor-button-text\">Make an Appointment<\/span>\n\t\t\t\t\t<\/span>\n\t\t\t\t\t<\/a>\n\t\t\t\t<\/div>\n\t\t\t\t\t\t\t\t<\/div>\n\t\t\t\t<\/div>\n\t\t\t\t<\/div>\n\t\t\t\t<\/div>\n\t\t\t\t<\/div>\n\t\t<div class=\"elementor-element elementor-element-c52de9c e-con-full e-flex e-con e-child\" data-id=\"c52de9c\" data-element_type=\"container\">\n\t\t<div class=\"elementor-element elementor-element-16635da e-con-full e-flex e-con e-child\" data-id=\"16635da\" data-element_type=\"container\">\n\t\t\t\t<div class=\"elementor-element elementor-element-a84e539 at-heading-animation at-animation-heading-none elementor-invisible elementor-widget elementor-widget-heading\" data-id=\"a84e539\" data-element_type=\"widget\" data-settings=\"{&quot;_animation&quot;:&quot;fadeInUp&quot;,&quot;ekit_we_effect_on&quot;:&quot;none&quot;}\" data-widget_type=\"heading.default\">\n\t\t\t\t<div class=\"elementor-widget-container\">\n\t\t\t\t\t<h2 class=\"elementor-heading-title elementor-size-default\">Professional Skills<\/h2>\t\t\t\t<\/div>\n\t\t\t\t<\/div>\n\t\t\t\t<div class=\"elementor-element elementor-element-cbc6d4e v3-skills-progress-bar elementor-widget elementor-widget-elementskit-progressbar\" data-id=\"cbc6d4e\" data-element_type=\"widget\" data-settings=\"{&quot;ekit_we_effect_on&quot;:&quot;none&quot;}\" data-widget_type=\"elementskit-progressbar.default\">\n\t\t\t\t<div class=\"elementor-widget-container\">\n\t\t\t\t\t<div class=\"ekit-wid-con\" >        <div class=\"waypoint-tigger\">\n            <div class=\"skillbar-group style-switch\" data-progress-bar=\"\">\n                <div class=\"single-skill-bar\">\n                                            <div class=\"content-group\">\n                            <div class=\"skill-bar-content\">\n                                <span class=\"skill-title\">Patient Care<\/span>\n                            <\/div><!-- .skill-bar-content END -->\n                            <div class=\"skill-bar\">\n                                <div class=\"skill-track\"><\/div>\n                            <\/div><!-- .skill-bar END -->\n                        <\/div>\n                        <span class=\"number-percentage-wraper\">\n                            <span class=\"number-percentage\" data-value=\"100\" data-animation-duration=\"3500\">0<\/span>%\n                        <\/span>\n                                    <\/div><!-- .single-skill-bar END -->\n            <\/div><!-- .skillbar-group END -->\n        <\/div>\n        <\/div>\t\t\t\t<\/div>\n\t\t\t\t<\/div>\n\t\t\t\t<div class=\"elementor-element elementor-element-173f10e v3-skills-progress-bar elementor-widget elementor-widget-elementskit-progressbar\" data-id=\"173f10e\" data-element_type=\"widget\" data-settings=\"{&quot;ekit_we_effect_on&quot;:&quot;none&quot;}\" data-widget_type=\"elementskit-progressbar.default\">\n\t\t\t\t<div class=\"elementor-widget-container\">\n\t\t\t\t\t<div class=\"ekit-wid-con\" >        <div class=\"waypoint-tigger\">\n            <div class=\"skillbar-group style-switch\" data-progress-bar=\"\">\n                <div class=\"single-skill-bar\">\n                                            <div class=\"content-group\">\n                            <div class=\"skill-bar-content\">\n                                <span class=\"skill-title\">Oral Implantology<\/span>\n                            <\/div><!-- .skill-bar-content END -->\n                            <div class=\"skill-bar\">\n                                <div class=\"skill-track\"><\/div>\n                            <\/div><!-- .skill-bar END -->\n                        <\/div>\n                        <span class=\"number-percentage-wraper\">\n                            <span class=\"number-percentage\" data-value=\"100\" data-animation-duration=\"3500\">0<\/span>%\n                        <\/span>\n                                    <\/div><!-- .single-skill-bar END -->\n            <\/div><!-- .skillbar-group END -->\n        <\/div>\n        <\/div>\t\t\t\t<\/div>\n\t\t\t\t<\/div>\n\t\t\t\t<div class=\"elementor-element elementor-element-59a6350 v3-skills-progress-bar elementor-widget elementor-widget-elementskit-progressbar\" data-id=\"59a6350\" data-element_type=\"widget\" data-settings=\"{&quot;ekit_we_effect_on&quot;:&quot;none&quot;}\" data-widget_type=\"elementskit-progressbar.default\">\n\t\t\t\t<div class=\"elementor-widget-container\">\n\t\t\t\t\t<div class=\"ekit-wid-con\" >        <div class=\"waypoint-tigger\">\n            <div class=\"skillbar-group style-switch\" data-progress-bar=\"\">\n                <div class=\"single-skill-bar\">\n                                            <div class=\"content-group\">\n                            <div class=\"skill-bar-content\">\n                                <span class=\"skill-title\">Fixed Rehabilitation<\/span>\n                            <\/div><!-- .skill-bar-content END -->\n                            <div class=\"skill-bar\">\n                                <div class=\"skill-track\"><\/div>\n                            <\/div><!-- .skill-bar END -->\n                        <\/div>\n                        <span class=\"number-percentage-wraper\">\n                            <span class=\"number-percentage\" data-value=\"100\" data-animation-duration=\"3500\">0<\/span>%\n                        <\/span>\n                                    <\/div><!-- .single-skill-bar END -->\n            <\/div><!-- .skillbar-group END -->\n        <\/div>\n        <\/div>\t\t\t\t<\/div>\n\t\t\t\t<\/div>\n\t\t\t\t<div class=\"elementor-element elementor-element-e9ce934 v3-skills-progress-bar elementor-widget elementor-widget-elementskit-progressbar\" data-id=\"e9ce934\" data-element_type=\"widget\" data-settings=\"{&quot;ekit_we_effect_on&quot;:&quot;none&quot;}\" data-widget_type=\"elementskit-progressbar.default\">\n\t\t\t\t<div class=\"elementor-widget-container\">\n\t\t\t\t\t<div class=\"ekit-wid-con\" >        <div class=\"waypoint-tigger\">\n            <div class=\"skillbar-group style-switch\" data-progress-bar=\"\">\n                <div class=\"single-skill-bar\">\n                                            <div class=\"content-group\">\n                            <div class=\"skill-bar-content\">\n                                <span class=\"skill-title\">Dental Aesthetics<\/span>\n                            <\/div><!-- .skill-bar-content END -->\n                            <div class=\"skill-bar\">\n                                <div class=\"skill-track\"><\/div>\n                            <\/div><!-- .skill-bar END -->\n                        <\/div>\n                        <span class=\"number-percentage-wraper\">\n                            <span class=\"number-percentage\" data-value=\"100\" data-animation-duration=\"3500\">0<\/span>%\n                        <\/span>\n                                    <\/div><!-- .single-skill-bar END -->\n            <\/div><!-- .skillbar-group END -->\n        <\/div>\n        <\/div>\t\t\t\t<\/div>\n\t\t\t\t<\/div>\n\t\t\t\t<\/div>\n\t\t\t\t<\/div>\n\t\t\t\t<\/div>\n\t\t\t\t\t<\/div>\n\t\t\t\t<\/div>\n\t\t\t\t<\/div>","protected":false},"excerpt":{"rendered":"<p>Dr. Pedro Peres Dr. Pedro Peres M\u00e9dico Dentista M\u00e9dico dentista com pr\u00e1tica exclusiva em reabilita\u00e7\u00e3o [&hellip;]<\/p>","protected":false},"author":1,"featured_media":0,"parent":4268,"menu_order":0,"comment_status":"closed","ping_status":"closed","template":"elementor_header_footer","meta":{"_themeisle_gutenberg_block_has_review":false,"footnotes":""},"class_list":["post-6620","page","type-page","status-publish","hentry"],"_links":{"self":[{"href":"https:\/\/staging.clinicaprevilege.pt\/en\/wp-json\/wp\/v2\/pages\/6620","targetHints":{"allow":["GET"]}}],"collection":[{"href":"https:\/\/staging.clinicaprevilege.pt\/en\/wp-json\/wp\/v2\/pages"}],"about":[{"href":"https:\/\/staging.clinicaprevilege.pt\/en\/wp-json\/wp\/v2\/types\/page"}],"author":[{"embeddable":true,"href":"https:\/\/staging.clinicaprevilege.pt\/en\/wp-json\/wp\/v2\/users\/1"}],"replies":[{"embeddable":true,"href":"https:\/\/staging.clinicaprevilege.pt\/en\/wp-json\/wp\/v2\/comments?post=6620"}],"version-history":[{"count":17,"href":"https:\/\/staging.clinicaprevilege.pt\/en\/wp-json\/wp\/v2\/pages\/6620\/revisions"}],"predecessor-version":[{"id":8447,"href":"https:\/\/staging.clinicaprevilege.pt\/en\/wp-json\/wp\/v2\/pages\/6620\/revisions\/8447"}],"up":[{"embeddable":true,"href":"https:\/\/staging.clinicaprevilege.pt\/en\/wp-json\/wp\/v2\/pages\/4268"}],"wp:attachment":[{"href":"https:\/\/staging.clinicaprevilege.pt\/en\/wp-json\/wp\/v2\/media?parent=6620"}],"curies":[{"name":"wp","href":"https:\/\/api.w.org\/{rel}","templated":true}]}}